{"id":77,"date":"2023-03-30T13:34:31","date_gmt":"2023-03-30T13:34:31","guid":{"rendered":"https:\/\/rudeucho.pl\/?page_id=77"},"modified":"2025-11-03T17:14:17","modified_gmt":"2025-11-03T17:14:17","slug":"kontakt","status":"publish","type":"page","link":"https:\/\/rudeucho.pl\/?page_id=77","title":{"rendered":"Kontakt"},"content":{"rendered":"\n<p>Je\u015bli czujesz, \u017ce RUDE UCHO to miejsce, z kt\u00f3rego chcia\u0142by\u015b powita\u0107 swojego przyjaciela, napisz do nas lub zadzwo\u0144. <\/p>\n\n\n\n<p>Napisz:   hodowlarudeucho@gmail.com <\/p>\n\n\n\n<p>Zadzwo\u0144 : +48 602 460 073 <\/p>\n\n\n\n<p>Wojew\u00f3dztwo opolskie<\/p>\n\n\n\n<p>Zapraszamy r\u00f3wnie\u017c do kontaktu poprzez <a href=\"http:\/\/instagram.com\/rudeucho__cockapoo\" data-type=\"link\" data-id=\"instagram.com\/rudeucho__cockapoo\">Instagram<\/a> b\u0105d\u017a <a href=\"https:\/\/www.facebook.com\/profile.php?id=100085107824335\">Facebook<\/a>.<\/p>\n\n\n\n<p><\/p>\n","protected":false},"excerpt":{"rendered":"<p>Je\u015bli czujesz, \u017ce RUDE UCHO to miejsce, z kt\u00f3rego chcia\u0142by\u015b powita\u0107 swojego przyjaciela, napisz do nas lub zadzwo\u0144. Napisz: hodowlarudeucho@gmail.com Zadzwo\u0144 : +48 602 460 &hellip; <\/p>\n","protected":false},"author":1,"featured_media":0,"parent":0,"menu_order":0,"comment_status":"closed","ping_status":"closed","template":"","meta":{"footnotes":""},"class_list":["post-77","page","type-page","status-publish","hentry"],"_links":{"self":[{"href":"https:\/\/rudeucho.pl\/index.php?rest_route=\/wp\/v2\/pages\/77","targetHints":{"allow":["GET"]}}],"collection":[{"href":"https:\/\/rudeucho.pl\/index.php?rest_route=\/wp\/v2\/pages"}],"about":[{"href":"https:\/\/rudeucho.pl\/index.php?rest_route=\/wp\/v2\/types\/page"}],"author":[{"embeddable":true,"href":"https:\/\/rudeucho.pl\/index.php?rest_route=\/wp\/v2\/users\/1"}],"replies":[{"embeddable":true,"href":"https:\/\/rudeucho.pl\/index.php?rest_route=%2Fwp%2Fv2%2Fcomments&post=77"}],"version-history":[{"count":9,"href":"https:\/\/rudeucho.pl\/index.php?rest_route=\/wp\/v2\/pages\/77\/revisions"}],"predecessor-version":[{"id":604,"href":"https:\/\/rudeucho.pl\/index.php?rest_route=\/wp\/v2\/pages\/77\/revisions\/604"}],"wp:attachment":[{"href":"https:\/\/rudeucho.pl\/index.php?rest_route=%2Fwp%2Fv2%2Fmedia&parent=77"}],"curies":[{"name":"wp","href":"https:\/\/api.w.org\/{rel}","templated":true}]}}