{"id":5,"date":"2023-03-30T10:29:45","date_gmt":"2023-03-30T10:29:45","guid":{"rendered":"https:\/\/rudeucho.pl\/?page_id=5"},"modified":"2026-03-17T17:37:57","modified_gmt":"2026-03-17T17:37:57","slug":"strona-glowna","status":"publish","type":"page","link":"https:\/\/rudeucho.pl\/","title":{"rendered":"Witaj w naszej hodowli !"},"content":{"rendered":"\n<p>Tu wszystko kr\u0119ci si\u0119 wok\u00f3\u0142 rado\u015bnie rozmerdanych rudych uszu i ka\u017cdy pies mo\u017ce by\u0107 psem. Jeste\u015bmy hodowl\u0105 rodzinn\u0105, pe\u0142n\u0105 ciep\u0142a, blisko\u015bci i troski. Dzia\u0142amy rzetelnie, transparentnie, z wiedz\u0105 i pasj\u0105. Cenimy szczero\u015b\u0107 i autentyczno\u015b\u0107. <\/p>\n\n\n\n<p>Rado\u015b\u0107. Rudo\u015b\u0107. Rzetelno\u015b\u0107. RUDE UCHO.<\/p>\n\n\n\n<p><\/p>\n","protected":false},"excerpt":{"rendered":"<p>Tu wszystko kr\u0119ci si\u0119 wok\u00f3\u0142 rado\u015bnie rozmerdanych rudych uszu i ka\u017cdy pies mo\u017ce by\u0107 psem. Jeste\u015bmy hodowl\u0105 rodzinn\u0105, pe\u0142n\u0105 ciep\u0142a, blisko\u015bci i troski. Dzia\u0142amy rzetelnie, &hellip; <\/p>\n","protected":false},"author":1,"featured_media":0,"parent":0,"menu_order":0,"comment_status":"closed","ping_status":"closed","template":"","meta":{"footnotes":""},"class_list":["post-5","page","type-page","status-publish","hentry"],"_links":{"self":[{"href":"https:\/\/rudeucho.pl\/index.php?rest_route=\/wp\/v2\/pages\/5","targetHints":{"allow":["GET"]}}],"collection":[{"href":"https:\/\/rudeucho.pl\/index.php?rest_route=\/wp\/v2\/pages"}],"about":[{"href":"https:\/\/rudeucho.pl\/index.php?rest_route=\/wp\/v2\/types\/page"}],"author":[{"embeddable":true,"href":"https:\/\/rudeucho.pl\/index.php?rest_route=\/wp\/v2\/users\/1"}],"replies":[{"embeddable":true,"href":"https:\/\/rudeucho.pl\/index.php?rest_route=%2Fwp%2Fv2%2Fcomments&post=5"}],"version-history":[{"count":8,"href":"https:\/\/rudeucho.pl\/index.php?rest_route=\/wp\/v2\/pages\/5\/revisions"}],"predecessor-version":[{"id":846,"href":"https:\/\/rudeucho.pl\/index.php?rest_route=\/wp\/v2\/pages\/5\/revisions\/846"}],"wp:attachment":[{"href":"https:\/\/rudeucho.pl\/index.php?rest_route=%2Fwp%2Fv2%2Fmedia&parent=5"}],"curies":[{"name":"wp","href":"https:\/\/api.w.org\/{rel}","templated":true}]}}